{"id":56,"date":"2026-01-16T10:28:50","date_gmt":"2026-01-16T10:28:50","guid":{"rendered":"https:\/\/www.centralhotel.fr\/?page_id=56"},"modified":"2026-01-16T10:34:49","modified_gmt":"2026-01-16T10:34:49","slug":"notre-histoire","status":"publish","type":"page","link":"https:\/\/www.centralhotel.fr\/?page_id=56","title":{"rendered":"Notre Histoire"},"content":{"rendered":"<link rel=\"stylesheet\" href=\"https:\/\/cdnjs.cloudflare.com\/ajax\/libs\/font-awesome\/6.0.0\/css\/all.min.css\">\n<div id=\"wp-about-us\">\n<div class=\"wa-container\">\n<header class=\"wa-header\">\n<h2>Deux voyageurs, deux styles, une seule passion<\/h2>\n<p>Bienvenue dans notre carnet de route. Nous sommes le couple qui a d\u00e9cid\u00e9 d&rsquo;arr\u00eater de se disputer pour le choix des vacances et de commencer \u00e0 partager nos meilleurs compromis.<\/p>\n<\/header>\n<p>        <img decoding=\"async\" src=\"https:\/\/www.centralhotel.fr\/wp-content\/uploads\/2026\/01\/couple-vacance-e1768559675453.png\" alt=\"Photo du couple fondateur\" class=\"wa-hero-img\"><\/p>\n<div class=\"wa-duo-grid\">\n<div class=\"wa-profile\">\n                <i class=\"fas fa-hiking wa-profile-icon\"><\/i><\/p>\n<h3>Lui (Alex)<\/h3>\n<p>                <span class=\"wa-role\">Team Montagne &#038; Aventure<\/span><\/p>\n<p>Mon id\u00e9al ? Un sac \u00e0 dos de 10kg, un sentier escarp\u00e9 et un r\u00e9veil \u00e0 5h du matin pour voir le lever de soleil sur un pic rocheux. Je cherche l&rsquo;authenticit\u00e9, l&rsquo;effort et le grand air.<\/p>\n<\/p><\/div>\n<div class=\"wa-profile\">\n                <i class=\"fas fa-umbrella-beach wa-profile-icon\"><\/i><\/p>\n<h3>Elle (Sarah)<\/h3>\n<p>                <span class=\"wa-role\">Team Mer &#038; D\u00e9tente<\/span><\/p>\n<p>Mon id\u00e9al ? Un h\u00f4tel boutique, le bruit des vagues, un bon livre et surtout&#8230; ne pas transpirer ! Je cherche l&rsquo;esth\u00e9tique, le confort et les couchers de soleil un verre \u00e0 la main.<\/p>\n<\/p><\/div>\n<\/p><\/div>\n<div class=\"wa-section\">\n<div class=\"wa-mission\">\n<h3>Pourquoi ce blog ?<\/h3>\n<div class=\"wa-separator\"><\/div>\n<p>Parce que nous savons qu&rsquo;organiser un weekend romantique peut vite tourner au casse-t\u00eate quand on n&rsquo;a pas les m\u00eames envies.<\/p>\n<p>Ici, nous ne partageons que des adresses test\u00e9es et approuv\u00e9es. Pas de catalogues impersonnels, juste nos v\u00e9ritables \u00ab\u00a0p\u00e9pites\u00a0\u00bb. Des lieux qui r\u00e9ussissent l&rsquo;exploit de combiner le charme, l&rsquo;aventure douce et le confort.<\/p>\n<p><strong>Notre promesse :<\/strong> Vous aider \u00e0 trouver la destination parfaite pour ne plus jamais avoir \u00e0 choisir entre l&rsquo;aventure et le farniente.<\/p>\n<\/p><\/div>\n<\/p><\/div>\n<\/p><\/div>\n<\/div>\n","protected":false},"excerpt":{"rendered":"<p>Deux voyageurs, deux styles, une seule passion Bienvenue dans notre carnet de route. Nous sommes le couple qui a d\u00e9cid\u00e9 d&rsquo;arr\u00eater de se disputer pour le choix des vacances et de commencer \u00e0 partager nos meilleurs compromis. Lui (Alex) Team Montagne &#038; Aventure Mon id\u00e9al ? Un sac \u00e0 dos de 10kg, un sentier escarp\u00e9 &#8230; <a title=\"Notre Histoire\" class=\"read-more\" href=\"https:\/\/www.centralhotel.fr\/?page_id=56\" aria-label=\"Read more about Notre Histoire\">Read more<\/a><\/p>\n","protected":false},"author":1,"featured_media":0,"parent":0,"menu_order":0,"comment_status":"closed","ping_status":"closed","template":"","meta":{"footnotes":""},"class_list":["post-56","page","type-page","status-publish"],"_links":{"self":[{"href":"https:\/\/www.centralhotel.fr\/index.php?rest_route=\/wp\/v2\/pages\/56","targetHints":{"allow":["GET"]}}],"collection":[{"href":"https:\/\/www.centralhotel.fr\/index.php?rest_route=\/wp\/v2\/pages"}],"about":[{"href":"https:\/\/www.centralhotel.fr\/index.php?rest_route=\/wp\/v2\/types\/page"}],"author":[{"embeddable":true,"href":"https:\/\/www.centralhotel.fr\/index.php?rest_route=\/wp\/v2\/users\/1"}],"replies":[{"embeddable":true,"href":"https:\/\/www.centralhotel.fr\/index.php?rest_route=%2Fwp%2Fv2%2Fcomments&post=56"}],"version-history":[{"count":2,"href":"https:\/\/www.centralhotel.fr\/index.php?rest_route=\/wp\/v2\/pages\/56\/revisions"}],"predecessor-version":[{"id":65,"href":"https:\/\/www.centralhotel.fr\/index.php?rest_route=\/wp\/v2\/pages\/56\/revisions\/65"}],"wp:attachment":[{"href":"https:\/\/www.centralhotel.fr\/index.php?rest_route=%2Fwp%2Fv2%2Fmedia&parent=56"}],"curies":[{"name":"wp","href":"https:\/\/api.w.org\/{rel}","templated":true}]}}